{"id":21,"date":"2024-08-19T06:42:37","date_gmt":"2024-08-19T06:42:37","guid":{"rendered":"https:\/\/demosites.royal-elementor-addons.com\/electrician-v2\/?page_id=21"},"modified":"2026-01-29T08:58:58","modified_gmt":"2026-01-29T08:58:58","slug":"hakkimizda","status":"publish","type":"page","link":"https:\/\/www.kilicogluhirdavat.com\/?page_id=21","title":{"rendered":"Hakk\u0131m\u0131zda"},"content":{"rendered":"\t\t<div data-elementor-type=\"wp-page\" data-elementor-id=\"21\" class=\"elementor elementor-21\">\n\t\t\t\t<div class=\"elementor-element elementor-element-fe05eb1 e-flex e-con-boxed wpr-particle-no wpr-sticky-section-no wpr-equal-height-no elementor-invisible e-con e-parent\" data-id=\"fe05eb1\" data-element_type=\"container\" data-e-type=\"container\" data-settings=\"{&quot;background_background&quot;:&quot;classic&quot;,&quot;animation&quot;:&quot;fadeIn&quot;}\">\n\t\t\t\t\t<div class=\"e-con-inner\">\n\t\t\t\t<div class=\"elementor-element elementor-element-089143a elementor-widget elementor-widget-heading\" data-id=\"089143a\" data-element_type=\"widget\" data-e-type=\"widget\" data-widget_type=\"heading.default\">\n\t\t\t\t\t<h1 class=\"elementor-heading-title elementor-size-default\"><a href=\"https:\/\/www.kilicogluhirdavat.com\/?page_id=21\">HAKKIMIZDA<\/a><\/h1>\t\t\t\t<\/div>\n\t\t\t\t\t<\/div>\n\t\t\t\t<\/div>\n\t\t<div class=\"elementor-element elementor-element-ab165fb e-flex e-con-boxed wpr-particle-no wpr-sticky-section-no wpr-equal-height-no e-con e-parent\" data-id=\"ab165fb\" data-element_type=\"container\" data-e-type=\"container\">\n\t\t\t\t\t<div class=\"e-con-inner\">\n\t\t\t\t<div class=\"elementor-element elementor-element-79f9f92 elementor-widget elementor-widget-image\" data-id=\"79f9f92\" data-element_type=\"widget\" data-e-type=\"widget\" data-widget_type=\"image.default\">\n\t\t\t\t\t\t\t\t\t\t\t\t\t\t\t<img fetchpriority=\"high\" decoding=\"async\" width=\"2560\" height=\"1205\" src=\"https:\/\/www.kilicogluhirdavat.com\/wp-content\/uploads\/2026\/01\/IMG_0915-1-scaled.jpg\" class=\"attachment-full size-full wp-image-3035\" alt=\"\" srcset=\"https:\/\/www.kilicogluhirdavat.com\/wp-content\/uploads\/2026\/01\/IMG_0915-1-scaled.jpg 2560w, https:\/\/www.kilicogluhirdavat.com\/wp-content\/uploads\/2026\/01\/IMG_0915-1-300x141.jpg 300w, https:\/\/www.kilicogluhirdavat.com\/wp-content\/uploads\/2026\/01\/IMG_0915-1-1024x482.jpg 1024w, https:\/\/www.kilicogluhirdavat.com\/wp-content\/uploads\/2026\/01\/IMG_0915-1-768x362.jpg 768w, https:\/\/www.kilicogluhirdavat.com\/wp-content\/uploads\/2026\/01\/IMG_0915-1-1536x723.jpg 1536w, https:\/\/www.kilicogluhirdavat.com\/wp-content\/uploads\/2026\/01\/IMG_0915-1-2048x964.jpg 2048w\" sizes=\"(max-width: 2560px) 100vw, 2560px\" \/>\t\t\t\t\t\t\t\t\t\t\t\t\t\t\t<\/div>\n\t\t\t\t\t<\/div>\n\t\t\t\t<\/div>\n\t\t<div data-wpr-particles=\"{&quot;particles&quot;:{&quot;number&quot;:{&quot;value&quot;:400,&quot;density&quot;:{&quot;enable&quot;:true,&quot;value_area&quot;:800}},&quot;color&quot;:{&quot;value&quot;:&quot;#000000&quot;},&quot;shape&quot;:{&quot;type&quot;:&quot;circle&quot;,&quot;stroke&quot;:{&quot;width&quot;:0,&quot;color&quot;:&quot;#000000&quot;},&quot;polygon&quot;:{&quot;nb_sides&quot;:5},&quot;image&quot;:{&quot;src&quot;:&quot;img\/github.svg&quot;,&quot;width&quot;:100,&quot;height&quot;:100}},&quot;opacity&quot;:{&quot;value&quot;:0.5,&quot;random&quot;:true,&quot;anim&quot;:{&quot;enable&quot;:false,&quot;speed&quot;:1,&quot;opacity_min&quot;:0.1,&quot;sync&quot;:false}},&quot;size&quot;:{&quot;value&quot;:10,&quot;random&quot;:true,&quot;anim&quot;:{&quot;enable&quot;:false,&quot;speed&quot;:40,&quot;size_min&quot;:0.1,&quot;sync&quot;:false}},&quot;line_linked&quot;:{&quot;enable&quot;:false,&quot;distance&quot;:500,&quot;color&quot;:&quot;#000000&quot;,&quot;opacity&quot;:0.4,&quot;width&quot;:2},&quot;move&quot;:{&quot;enable&quot;:true,&quot;speed&quot;:6,&quot;direction&quot;:&quot;bottom&quot;,&quot;random&quot;:false,&quot;straight&quot;:false,&quot;out_mode&quot;:&quot;out&quot;,&quot;bounce&quot;:false,&quot;attract&quot;:{&quot;enable&quot;:false,&quot;rotateX&quot;:600,&quot;rotateY&quot;:1200}}},&quot;interactivity&quot;:{&quot;detect_on&quot;:&quot;window&quot;,&quot;events&quot;:{&quot;onhover&quot;:{&quot;enable&quot;:true,&quot;mode&quot;:&quot;bubble&quot;},&quot;onclick&quot;:{&quot;enable&quot;:true,&quot;mode&quot;:&quot;repulse&quot;},&quot;resize&quot;:true},&quot;modes&quot;:{&quot;grab&quot;:{&quot;distance&quot;:400,&quot;line_linked&quot;:{&quot;opacity&quot;:0.5}},&quot;bubble&quot;:{&quot;distance&quot;:400,&quot;size&quot;:4,&quot;duration&quot;:0.3,&quot;opacity&quot;:1,&quot;speed&quot;:3},&quot;repulse&quot;:{&quot;distance&quot;:200,&quot;duration&quot;:0.4},&quot;push&quot;:{&quot;particles_nb&quot;:4},&quot;remove&quot;:{&quot;particles_nb&quot;:2}}},&quot;retina_detect&quot;:true}\" particle-source=\"wpr_particle_json\" class=\"elementor-element elementor-element-b93265b wpr-particle-yes e-flex e-con-boxed wpr-sticky-section-no wpr-equal-height-no e-con e-parent\" data-id=\"b93265b\" data-element_type=\"container\" data-e-type=\"container\">\n\t\t\t\t\t<div class=\"e-con-inner\">\n\t\t<div class=\"elementor-element elementor-element-9bd3171 e-flex e-con-boxed wpr-particle-no wpr-sticky-section-no wpr-equal-height-no elementor-invisible e-con e-child\" data-id=\"9bd3171\" data-element_type=\"container\" data-e-type=\"container\" data-settings=\"{&quot;animation&quot;:&quot;slideInLeft&quot;}\">\n\t\t\t\t\t<div class=\"e-con-inner\">\n\t\t\t\t<div class=\"elementor-element elementor-element-4a12d04 elementor-widget elementor-widget-heading\" data-id=\"4a12d04\" data-element_type=\"widget\" data-e-type=\"widget\" data-widget_type=\"heading.default\">\n\t\t\t\t\t<h2 class=\"elementor-heading-title elementor-size-default\">K\u0131l\u0131\u00e7o\u011flu H\u0131rdavat: Kalite ve G\u00fcvenin Adresi.<\/h2>\t\t\t\t<\/div>\n\t\t\t\t<div class=\"elementor-element elementor-element-75f6199 elementor-widget elementor-widget-text-editor\" data-id=\"75f6199\" data-element_type=\"widget\" data-e-type=\"widget\" data-widget_type=\"text-editor.default\">\n\t\t\t\t\t\t\t\t\t<div class=\"row\"><div class=\"col-lg-6 col-md-6\"><div class=\"about-service\"><p><strong>K\u0131l\u0131\u00e7o\u011flu Ticaret<\/strong>, 1981 y\u0131l\u0131ndan bu yana h\u0131rdavat, nalburiye, boya ve elektrikli el aletleri sekt\u00f6r\u00fcnde kesintisiz faaliyet g\u00f6stermekte olup, 1998 y\u0131l\u0131nda resmi olarak kendi markas\u0131 alt\u0131nda yap\u0131lanmas\u0131n\u0131 tamamlam\u0131\u015ft\u0131r. Yar\u0131m asra yakla\u015fan tecr\u00fcbemiz ve k\u00f6kl\u00fc ge\u00e7mi\u015fimizle sekt\u00f6r\u00fcn g\u00fcvenilir i\u015fletmeleri aras\u0131nda yer almaktay\u0131z.<\/p><p>Kurulu\u015fumuzdan bu yana ilkemiz; <strong>kaliteli \u00fcr\u00fcnleri, uygun fiyat politikas\u0131 ve g\u00fcvenilir hizmet anlay\u0131\u015f\u0131yla<\/strong> m\u00fc\u015fterilerimize sunmakt\u0131r. Geni\u015f \u00fcr\u00fcn yelpazemiz ve profesyonel yakla\u015f\u0131m\u0131m\u0131zla hem bireysel t\u00fcketicilere hem de kurumsal i\u015f ortaklar\u0131na \u00e7\u00f6z\u00fcm \u00fcretmekteyiz.<\/p><p>K\u0131l\u0131\u00e7o\u011flu Ticaret olarak, i\u015fimizi yaln\u0131zca \u00fcr\u00fcn tedari\u011fiyle s\u0131n\u0131rl\u0131 g\u00f6rmeyip, m\u00fc\u015fterilerimizin ihtiya\u00e7lar\u0131na en do\u011fru ve h\u0131zl\u0131 \u015fekilde cevap verebilmeyi misyon edindik. Bu anlay\u0131\u015f do\u011frultusunda, m\u00fc\u015fteri memnuniyetini daima \u00f6n planda tutuyor, sekt\u00f6rdeki yenilikleri yak\u0131ndan takip ederek hizmet kalitemizi s\u00fcrekli geli\u015ftirmeye devam ediyoruz.<\/p><p>Bug\u00fcn, ge\u00e7mi\u015ften ald\u0131\u011f\u0131m\u0131z g\u00fc\u00e7l\u00fc miras ve deneyimle, gelece\u011fe y\u00f6nelik yenilik\u00e7i vizyonumuzu birle\u015ftirerek sekt\u00f6r\u00fcm\u00fczde kal\u0131c\u0131 de\u011ferler \u00fcretmeye kararl\u0131y\u0131z. <strong>G\u00fcven, kalite ve s\u00fcreklilik<\/strong>, firmam\u0131z\u0131n temel prensipleri olmaya devam etmektedir.<\/p><\/div><\/div><\/div><div class=\"row\"><div class=\"col-lg-12 pt-5\"><p>K\u0131l\u0131\u00e7o\u011flu Ticaret Olarak B\u00fcnyemizde Her t\u00fcrl\u00fc <strong>Teknik H\u0131rdavat, sera ve in\u015faat malzemeleri, boya malzemeleri, s\u0131hhi tesisat malzemeleri depo-market raf sistemleri, elektrikli el aletleri, mobilya aksesuarlar\u0131, Marshall boya, Tek boya, Stella boya, DYO boya, bilgisayarl\u0131 oto boyalar\u0131 ve an\u0131nda renk sistemi, elektrik malzemeleri, banyo ve musluk armat\u00fcrleri, otel-site ekipmanlar\u0131 i\u015f g\u00fcvenli\u011fi malzemeleri, vantilat\u00f6r ve havaland\u0131rma sistemleri makine ve makine yedek par\u00e7alar\u0131<\/strong> ve binlerce \u00e7e\u015fit \u00fcr\u00fcn bulunmaktad\u0131r.<\/p><\/div><\/div>\t\t\t\t\t\t\t\t<\/div>\n\t\t\t\t<div class=\"elementor-element elementor-element-642bfd2 wpr-pbar-title-pos-outside wpr-pbar-counter-pos-outside wpr-prbar-layout-hr-line elementor-widget elementor-widget-wpr-progress-bar\" data-id=\"642bfd2\" data-element_type=\"widget\" data-e-type=\"widget\" data-widget_type=\"wpr-progress-bar.default\">\n\t\t\t\t\t\t\t\t\n\t\t<div class=\"wpr-progress-bar\" data-options=\"{&quot;counterValue&quot;:15186,&quot;counterValuePersent&quot;:76,&quot;counterSeparator&quot;:&quot;&quot;,&quot;animDuration&quot;:1000,&quot;animDelay&quot;:1000,&quot;loop&quot;:&quot;&quot;,&quot;loopDelay&quot;:&quot;&quot;}\">\n\t\t\n\t\t\t<div class=\"wpr-prbar-content elementor-clearfix\"><div class=\"wpr-prbar-title-wrap\"><div class=\"wpr-prbar-title\">\u00dcr\u00fcn Say\u0131s\u0131<\/div><div class=\"wpr-prbar-subtitle\"><\/div><\/div>\n\t\t<div class=\"wpr-prbar-counter\">\n\n\t\t\t\n\t\t\t\t\t\t<span class=\"wpr-prbar-counter-value\">0<\/span>\n\t\t\t\n\t\t\t\n\t\t<\/div>\n\n\t\t<\/div>\n\t\t<div class=\"wpr-prbar-hr-line\">\n\t\t\t<div class=\"wpr-prbar-hr-line-inner wpr-anim-timing-ease-default\">\n\t\t\t\t\t\t\t<\/div>\n\t\t\t\t\t<\/div>\n\n\t\t\n\t\t<\/div>\n\n\t\t\t\t\t\t<\/div>\n\t\t\t\t<div class=\"elementor-element elementor-element-1c714df wpr-pbar-title-pos-outside wpr-pbar-counter-pos-outside wpr-prbar-layout-hr-line elementor-widget elementor-widget-wpr-progress-bar\" data-id=\"1c714df\" data-element_type=\"widget\" data-e-type=\"widget\" data-widget_type=\"wpr-progress-bar.default\">\n\t\t\t\t\t\t\t\t\n\t\t<div class=\"wpr-progress-bar\" data-options=\"{&quot;counterValue&quot;:97.68,&quot;counterValuePersent&quot;:98,&quot;counterSeparator&quot;:&quot;&quot;,&quot;animDuration&quot;:1000,&quot;animDelay&quot;:1000,&quot;loop&quot;:&quot;&quot;,&quot;loopDelay&quot;:&quot;&quot;}\">\n\t\t\n\t\t\t<div class=\"wpr-prbar-content elementor-clearfix\"><div class=\"wpr-prbar-title-wrap\"><div class=\"wpr-prbar-title\">M\u00fc\u015fteri Memnuniyeti<\/div><div class=\"wpr-prbar-subtitle\"><\/div><\/div>\n\t\t<div class=\"wpr-prbar-counter\">\n\n\t\t\t\n\t\t\t\t\t\t<span class=\"wpr-prbar-counter-value\">0<\/span>\n\t\t\t\n\t\t\t\t\t\t<span class=\"wpr-prbar-counter-value-suffix\">%<\/span>\n\t\t\t\n\t\t<\/div>\n\n\t\t<\/div>\n\t\t<div class=\"wpr-prbar-hr-line\">\n\t\t\t<div class=\"wpr-prbar-hr-line-inner wpr-anim-timing-ease-default\">\n\t\t\t\t\t\t\t<\/div>\n\t\t\t\t\t<\/div>\n\n\t\t\n\t\t<\/div>\n\n\t\t\t\t\t\t<\/div>\n\t\t\t\t\t<\/div>\n\t\t\t\t<\/div>\n\t\t<div class=\"elementor-element elementor-element-1b47e6f e-flex e-con-boxed wpr-particle-no wpr-sticky-section-no wpr-equal-height-no elementor-invisible e-con e-child\" data-id=\"1b47e6f\" data-element_type=\"container\" data-e-type=\"container\" data-settings=\"{&quot;animation&quot;:&quot;slideInRight&quot;}\">\n\t\t\t\t\t<div class=\"e-con-inner\">\n\t\t\t\t<div class=\"elementor-element elementor-element-0ec98f5 elementor-widget elementor-widget-image\" data-id=\"0ec98f5\" data-element_type=\"widget\" data-e-type=\"widget\" data-widget_type=\"image.default\">\n\t\t\t\t\t\t\t\t\t\t\t\t\t\t\t<img decoding=\"async\" width=\"2560\" height=\"2441\" src=\"https:\/\/www.kilicogluhirdavat.com\/wp-content\/uploads\/2026\/01\/aciklama-scaled.png\" class=\"attachment-full size-full wp-image-3042\" alt=\"\" srcset=\"https:\/\/www.kilicogluhirdavat.com\/wp-content\/uploads\/2026\/01\/aciklama-scaled.png 2560w, https:\/\/www.kilicogluhirdavat.com\/wp-content\/uploads\/2026\/01\/aciklama-300x286.png 300w, https:\/\/www.kilicogluhirdavat.com\/wp-content\/uploads\/2026\/01\/aciklama-1024x976.png 1024w, https:\/\/www.kilicogluhirdavat.com\/wp-content\/uploads\/2026\/01\/aciklama-768x732.png 768w, https:\/\/www.kilicogluhirdavat.com\/wp-content\/uploads\/2026\/01\/aciklama-1536x1464.png 1536w, https:\/\/www.kilicogluhirdavat.com\/wp-content\/uploads\/2026\/01\/aciklama-2048x1953.png 2048w\" sizes=\"(max-width: 2560px) 100vw, 2560px\" \/>\t\t\t\t\t\t\t\t\t\t\t\t\t\t\t<\/div>\n\t\t<div class=\"elementor-element elementor-element-12377f6 e-con-full e-flex wpr-particle-no wpr-sticky-section-no wpr-equal-height-no e-con e-child\" data-id=\"12377f6\" data-element_type=\"container\" data-e-type=\"container\">\n\t\t\t\t<div class=\"elementor-element elementor-element-9b9d419 elementor-widget elementor-widget-image\" data-id=\"9b9d419\" data-element_type=\"widget\" data-e-type=\"widget\" data-widget_type=\"image.default\">\n\t\t\t\t\t\t\t\t\t\t\t\t\t\t\t<img decoding=\"async\" width=\"960\" height=\"720\" src=\"https:\/\/www.kilicogluhirdavat.com\/wp-content\/uploads\/2025\/09\/WhatsApp-Gorsel-2025-09-04-saat-16.31.03_7176c2c8-1024x768.jpg\" class=\"attachment-large size-large wp-image-1757\" alt=\"\" srcset=\"https:\/\/www.kilicogluhirdavat.com\/wp-content\/uploads\/2025\/09\/WhatsApp-Gorsel-2025-09-04-saat-16.31.03_7176c2c8-1024x768.jpg 1024w, https:\/\/www.kilicogluhirdavat.com\/wp-content\/uploads\/2025\/09\/WhatsApp-Gorsel-2025-09-04-saat-16.31.03_7176c2c8-300x225.jpg 300w, https:\/\/www.kilicogluhirdavat.com\/wp-content\/uploads\/2025\/09\/WhatsApp-Gorsel-2025-09-04-saat-16.31.03_7176c2c8-768x576.jpg 768w, https:\/\/www.kilicogluhirdavat.com\/wp-content\/uploads\/2025\/09\/WhatsApp-Gorsel-2025-09-04-saat-16.31.03_7176c2c8-1536x1152.jpg 1536w, https:\/\/www.kilicogluhirdavat.com\/wp-content\/uploads\/2025\/09\/WhatsApp-Gorsel-2025-09-04-saat-16.31.03_7176c2c8.jpg 1600w\" sizes=\"(max-width: 960px) 100vw, 960px\" \/>\t\t\t\t\t\t\t\t\t\t\t\t\t\t\t<\/div>\n\t\t\t\t<\/div>\n\t\t\t\t\t<\/div>\n\t\t\t\t<\/div>\n\t\t\t\t\t<\/div>\n\t\t\t\t<\/div>\n\t\t<div class=\"elementor-element elementor-element-17d8492 e-flex e-con-boxed wpr-particle-no wpr-sticky-section-no wpr-equal-height-no e-con e-parent\" data-id=\"17d8492\" data-element_type=\"container\" data-e-type=\"container\">\n\t\t\t\t\t<div class=\"e-con-inner\">\n\t\t\t\t\t<\/div>\n\t\t\t\t<\/div>\n\t\t\t\t<\/div>\n\t\t","protected":false},"excerpt":{"rendered":"<p>HAKKIMIZDA Ana Sayfa \/ K\u0131l\u0131\u00e7o\u011flu H\u0131rdavat: Kalite ve G\u00fcvenin Adresi. K\u0131l\u0131\u00e7o\u011flu Ticaret, 1981 y\u0131l\u0131ndan bu yana h\u0131rdavat, nalburiye, boya ve elektrikli el aletleri sekt\u00f6r\u00fcnde kesintisiz faaliyet g\u00f6stermekte olup, 1998 y\u0131l\u0131nda resmi olarak kendi markas\u0131 alt\u0131nda yap\u0131lanmas\u0131n\u0131 tamamlam\u0131\u015ft\u0131r. Yar\u0131m asra yakla\u015fan tecr\u00fcbemiz ve k\u00f6kl\u00fc ge\u00e7mi\u015fimizle sekt\u00f6r\u00fcn g\u00fcvenilir i\u015fletmeleri aras\u0131nda yer almaktay\u0131z. Kurulu\u015fumuzdan bu yana ilkemiz; kaliteli \u00fcr\u00fcnleri, uygun fiyat politikas\u0131 ve g\u00fcvenilir hizmet anlay\u0131\u015f\u0131yla m\u00fc\u015fterilerimize sunmakt\u0131r. Geni\u015f \u00fcr\u00fcn yelpazemiz ve profesyonel yakla\u015f\u0131m\u0131m\u0131zla hem bireysel t\u00fcketicilere hem de kurumsal i\u015f ortaklar\u0131na \u00e7\u00f6z\u00fcm \u00fcretmekteyiz. K\u0131l\u0131\u00e7o\u011flu Ticaret olarak, i\u015fimizi yaln\u0131zca \u00fcr\u00fcn tedari\u011fiyle s\u0131n\u0131rl\u0131 g\u00f6rmeyip, m\u00fc\u015fterilerimizin ihtiya\u00e7lar\u0131na en do\u011fru ve h\u0131zl\u0131 \u015fekilde cevap verebilmeyi misyon edindik. Bu anlay\u0131\u015f do\u011frultusunda, m\u00fc\u015fteri memnuniyetini daima \u00f6n planda tutuyor, sekt\u00f6rdeki yenilikleri yak\u0131ndan takip ederek hizmet kalitemizi s\u00fcrekli geli\u015ftirmeye devam ediyoruz. Bug\u00fcn, ge\u00e7mi\u015ften ald\u0131\u011f\u0131m\u0131z g\u00fc\u00e7l\u00fc miras ve deneyimle, gelece\u011fe y\u00f6nelik yenilik\u00e7i vizyonumuzu birle\u015ftirerek sekt\u00f6r\u00fcm\u00fczde kal\u0131c\u0131 de\u011ferler \u00fcretmeye kararl\u0131y\u0131z. G\u00fcven, kalite ve s\u00fcreklilik, firmam\u0131z\u0131n temel prensipleri olmaya devam etmektedir. K\u0131l\u0131\u00e7o\u011flu Ticaret Olarak B\u00fcnyemizde Her t\u00fcrl\u00fc Teknik H\u0131rdavat, sera ve in\u015faat malzemeleri, boya malzemeleri, s\u0131hhi tesisat malzemeleri depo-market raf sistemleri, elektrikli el aletleri, mobilya aksesuarlar\u0131, Marshall boya, Tek boya, Stella boya, DYO boya, bilgisayarl\u0131 oto boyalar\u0131 ve an\u0131nda renk sistemi, elektrik malzemeleri, banyo ve musluk armat\u00fcrleri, otel-site ekipmanlar\u0131 i\u015f g\u00fcvenli\u011fi malzemeleri, vantilat\u00f6r ve havaland\u0131rma sistemleri makine ve makine yedek par\u00e7alar\u0131 ve binlerce \u00e7e\u015fit \u00fcr\u00fcn bulunmaktad\u0131r. \u00dcr\u00fcn Say\u0131s\u0131 0 M\u00fc\u015fteri Memnuniyeti 0 %<\/p>\n","protected":false},"author":1,"featured_media":0,"parent":0,"menu_order":0,"comment_status":"closed","ping_status":"closed","template":"elementor_canvas","meta":{"footnotes":""},"class_list":["post-21","page","type-page","status-publish","hentry"],"acf":[],"_links":{"self":[{"href":"https:\/\/www.kilicogluhirdavat.com\/index.php?rest_route=\/wp\/v2\/pages\/21","targetHints":{"allow":["GET"]}}],"collection":[{"href":"https:\/\/www.kilicogluhirdavat.com\/index.php?rest_route=\/wp\/v2\/pages"}],"about":[{"href":"https:\/\/www.kilicogluhirdavat.com\/index.php?rest_route=\/wp\/v2\/types\/page"}],"author":[{"embeddable":true,"href":"https:\/\/www.kilicogluhirdavat.com\/index.php?rest_route=\/wp\/v2\/users\/1"}],"replies":[{"embeddable":true,"href":"https:\/\/www.kilicogluhirdavat.com\/index.php?rest_route=%2Fwp%2Fv2%2Fcomments&post=21"}],"version-history":[{"count":58,"href":"https:\/\/www.kilicogluhirdavat.com\/index.php?rest_route=\/wp\/v2\/pages\/21\/revisions"}],"predecessor-version":[{"id":3045,"href":"https:\/\/www.kilicogluhirdavat.com\/index.php?rest_route=\/wp\/v2\/pages\/21\/revisions\/3045"}],"wp:attachment":[{"href":"https:\/\/www.kilicogluhirdavat.com\/index.php?rest_route=%2Fwp%2Fv2%2Fmedia&parent=21"}],"curies":[{"name":"wp","href":"https:\/\/api.w.org\/{rel}","templated":true}]}}