{"id":2271,"date":"2025-09-07T16:01:27","date_gmt":"2025-09-07T16:01:27","guid":{"rendered":"https:\/\/www.kilicogluhirdavat.com\/?page_id=2271"},"modified":"2025-09-11T14:46:00","modified_gmt":"2025-09-11T14:46:00","slug":"hirdavat","status":"publish","type":"page","link":"https:\/\/www.kilicogluhirdavat.com\/?page_id=2271","title":{"rendered":"H\u0131rdavat &amp; Yap\u0131 Malzemeleri"},"content":{"rendered":"\t\t<div data-elementor-type=\"wp-page\" data-elementor-id=\"2271\" class=\"elementor elementor-2271\">\n\t\t\t\t<div class=\"elementor-element elementor-element-8d1bfe6 e-flex e-con-boxed wpr-particle-no wpr-sticky-section-no wpr-equal-height-no e-con e-parent\" data-id=\"8d1bfe6\" data-element_type=\"container\" data-e-type=\"container\" data-settings=\"{&quot;background_background&quot;:&quot;classic&quot;}\">\n\t\t\t\t\t<div class=\"e-con-inner\">\n\t\t\t\t<div class=\"elementor-element elementor-element-b202e5a elementor-widget elementor-widget-heading\" data-id=\"b202e5a\" data-element_type=\"widget\" data-e-type=\"widget\" data-widget_type=\"heading.default\">\n\t\t\t\t\t<h2 class=\"elementor-heading-title elementor-size-default\">H\u0131rdavat &amp; Yap\u0131 Malzemeleri<\/h2>\t\t\t\t<\/div>\n\t\t\t\t\t<\/div>\n\t\t\t\t<\/div>\n\t\t<div data-wpr-particles=\"{&quot;particles&quot;:{&quot;number&quot;:{&quot;value&quot;:160,&quot;density&quot;:{&quot;enable&quot;:true,&quot;value_area&quot;:800}},&quot;color&quot;:{&quot;value&quot;:&quot;#000000&quot;},&quot;shape&quot;:{&quot;type&quot;:&quot;circle&quot;,&quot;stroke&quot;:{&quot;width&quot;:0,&quot;color&quot;:&quot;#000000&quot;},&quot;polygon&quot;:{&quot;nb_sides&quot;:5},&quot;image&quot;:{&quot;src&quot;:&quot;img\/github.svg&quot;,&quot;width&quot;:100,&quot;height&quot;:100}},&quot;opacity&quot;:{&quot;value&quot;:1,&quot;random&quot;:true,&quot;anim&quot;:{&quot;enable&quot;:true,&quot;speed&quot;:1,&quot;opacity_min&quot;:0,&quot;sync&quot;:false}},&quot;size&quot;:{&quot;value&quot;:3,&quot;random&quot;:true,&quot;anim&quot;:{&quot;enable&quot;:false,&quot;speed&quot;:4,&quot;size_min&quot;:0.3,&quot;sync&quot;:false}},&quot;line_linked&quot;:{&quot;enable&quot;:false,&quot;distance&quot;:150,&quot;color&quot;:&quot;#000000&quot;,&quot;opacity&quot;:0.4,&quot;width&quot;:1},&quot;move&quot;:{&quot;enable&quot;:true,&quot;speed&quot;:2,&quot;direction&quot;:&quot;none&quot;,&quot;random&quot;:true,&quot;straight&quot;:false,&quot;out_mode&quot;:&quot;out&quot;,&quot;bounce&quot;:false,&quot;attract&quot;:{&quot;enable&quot;:false,&quot;rotateX&quot;:600,&quot;rotateY&quot;:600}}},&quot;interactivity&quot;:{&quot;detect_on&quot;:&quot;window&quot;,&quot;events&quot;:{&quot;onhover&quot;:{&quot;enable&quot;:true,&quot;mode&quot;:&quot;bubble&quot;},&quot;onclick&quot;:{&quot;enable&quot;:true,&quot;mode&quot;:&quot;repulse&quot;},&quot;resize&quot;:true},&quot;modes&quot;:{&quot;grab&quot;:{&quot;distance&quot;:400,&quot;line_linked&quot;:{&quot;opacity&quot;:1}},&quot;bubble&quot;:{&quot;distance&quot;:250,&quot;size&quot;:0,&quot;duration&quot;:2,&quot;opacity&quot;:0,&quot;speed&quot;:3},&quot;repulse&quot;:{&quot;distance&quot;:400,&quot;duration&quot;:0.4},&quot;push&quot;:{&quot;particles_nb&quot;:4},&quot;remove&quot;:{&quot;particles_nb&quot;:2}}},&quot;retina_detect&quot;:true}\" particle-source=\"wpr_particle_json\" class=\"elementor-element elementor-element-042dfcb wpr-particle-yes e-flex e-con-boxed wpr-sticky-section-no wpr-equal-height-no e-con e-parent\" data-id=\"042dfcb\" data-element_type=\"container\" data-e-type=\"container\">\n\t\t\t\t\t<div class=\"e-con-inner\">\n\t\t<div class=\"elementor-element elementor-element-212ca0f e-con-full e-flex wpr-particle-no wpr-sticky-section-no wpr-equal-height-no e-con e-child\" data-id=\"212ca0f\" data-element_type=\"container\" data-e-type=\"container\">\n\t\t\t\t<div class=\"elementor-element elementor-element-8dc2c51 elementor-widget elementor-widget-image\" data-id=\"8dc2c51\" data-element_type=\"widget\" data-e-type=\"widget\" data-widget_type=\"image.default\">\n\t\t\t\t\t\t\t\t\t\t\t\t\t\t\t<img fetchpriority=\"high\" decoding=\"async\" width=\"1024\" height=\"1024\" src=\"https:\/\/www.kilicogluhirdavat.com\/wp-content\/uploads\/2025\/09\/WhatsApp-Gorsel-2025-09-10-saat-11.12.36_68304f9d.jpg\" class=\"attachment-full size-full wp-image-2872\" alt=\"\" srcset=\"https:\/\/www.kilicogluhirdavat.com\/wp-content\/uploads\/2025\/09\/WhatsApp-Gorsel-2025-09-10-saat-11.12.36_68304f9d.jpg 1024w, https:\/\/www.kilicogluhirdavat.com\/wp-content\/uploads\/2025\/09\/WhatsApp-Gorsel-2025-09-10-saat-11.12.36_68304f9d-300x300.jpg 300w, https:\/\/www.kilicogluhirdavat.com\/wp-content\/uploads\/2025\/09\/WhatsApp-Gorsel-2025-09-10-saat-11.12.36_68304f9d-150x150.jpg 150w, https:\/\/www.kilicogluhirdavat.com\/wp-content\/uploads\/2025\/09\/WhatsApp-Gorsel-2025-09-10-saat-11.12.36_68304f9d-768x768.jpg 768w\" sizes=\"(max-width: 1024px) 100vw, 1024px\" \/>\t\t\t\t\t\t\t\t\t\t\t\t\t\t\t<\/div>\n\t\t\t\t<\/div>\n\t\t<div class=\"elementor-element elementor-element-8f4eb91 e-con-full e-flex wpr-particle-no wpr-sticky-section-no wpr-equal-height-no e-con e-child\" data-id=\"8f4eb91\" data-element_type=\"container\" data-e-type=\"container\">\n\t\t\t\t<div class=\"elementor-element elementor-element-ac122d5 elementor-widget elementor-widget-heading\" data-id=\"ac122d5\" data-element_type=\"widget\" data-e-type=\"widget\" data-widget_type=\"heading.default\">\n\t\t\t\t\t<h2 class=\"elementor-heading-title elementor-size-default\">Temelden Detaya, H\u0131rdavat Ve Yap\u0131 Malzemelerinde Kalite.<\/h2>\t\t\t\t<\/div>\n\t\t\t\t<div class=\"elementor-element elementor-element-aec26aa elementor-widget elementor-widget-text-editor\" data-id=\"aec26aa\" data-element_type=\"widget\" data-e-type=\"widget\" data-widget_type=\"text-editor.default\">\n\t\t\t\t\t\t\t\t\t<p>Hem profesyonel ustalar\u0131n hem de bireysel kullan\u0131c\u0131lar\u0131n ihtiya\u00e7lar\u0131na cevap verecek geni\u015f \u00fcr\u00fcn \u00e7e\u015fitlili\u011fi sunar. Ev onar\u0131mlar\u0131ndan b\u00fcy\u00fck projelere kadar her i\u015f i\u00e7in uygun <strong>h\u0131rdavat malzemeleri ve yap\u0131 malzemeleri<\/strong> ile g\u00fcvenilir \u00e7\u00f6z\u00fcmler sa\u011fl\u0131yoruz.<\/p><ul><li><strong>El Aletleri:<\/strong> \u00c7eki\u00e7, pense, anahtar tak\u0131mlar\u0131, boru anahtar\u0131, metre, budama testeresi, p\u00fcrm\u00fcz, kriko, caraskal ve boru makas\u0131 gibi dayan\u0131kl\u0131 \u00fcr\u00fcnlerle i\u015flerinizi kolayla\u015ft\u0131r\u0131n.<\/li><li><strong>Ba\u011flant\u0131 Elemanlar\u0131: <\/strong>Vida, somun, pul, kulp, \u00e7ekmece ray\u0131, raf destek kollar\u0131, ve ba\u011flant\u0131 aparatlar\u0131yla montaj i\u015flerinde sa\u011flaml\u0131k ve uzun \u00f6m\u00fcr elde edin.<\/li><li><strong>Kap\u0131 Ve G\u00fcvenlik Sistemleri: <\/strong>Oda kilidi, otel kilidi, asma kilit, kap\u0131 kollar\u0131, \u00e7elik kasa ve ufak para kasalar\u0131yla g\u00fcvenli\u011fi \u00f6n planda tutun.<\/li><li><strong>Yap\u0131 Malzemeleri: <\/strong>Kalekim, \u00e7imento, al\u00e7\u0131, silikon, mastik, derz dolgu, al\u00e7\u0131 malas\u0131, s\u00fcngerli mala, s\u0131va malas\u0131, s\u0131va k\u00f6\u015fe \u00e7\u0131tas\u0131, seramik k\u00f6\u015fe \u00e7\u0131tas\u0131, al\u00e7\u0131 k\u00f6\u015fe \u00e7\u0131tas\u0131yla her t\u00fcrl\u00fc in\u015faat ve tadilat i\u015finizi profesyonelce tamamlay\u0131n.<\/li><li><strong>Depo Ve Raf Sistemleri:<\/strong> Market raf sistemleri, depo raf sistemleri, \u00fcr\u00fcn te\u015fhir stand\u0131, delikli arka pano, tel pano ve kancalar\u0131 ile i\u015f yerlerinizde d\u00fczeni sa\u011flay\u0131n.<\/li><li><strong>Kesici &amp; A\u015f\u0131nd\u0131r\u0131c\u0131 \u00dcr\u00fcnler: <\/strong>Kesici ta\u015f \u00e7e\u015fitleri ve ta\u015flama aksesuarlar\u0131yla g\u00fc\u00e7l\u00fc performans elde edin.<\/li><li><strong>Genel Ekipmanlar: <\/strong>Merdiven \u00e7e\u015fitleri, a\u011f\u0131r y\u00fck ta\u015f\u0131ma yard\u0131mc\u0131lar\u0131 ve dayan\u0131kl\u0131 yard\u0131mc\u0131 el aletleriyle i\u015flerinizi h\u0131zland\u0131r\u0131n.<\/li><\/ul><p>Kategorimizde yer alan t\u00fcm \u00fcr\u00fcnler kaliteli, g\u00fcvenilir ve uzun \u00f6m\u00fcrl\u00fc olup, i\u015finizde maksimum verim alman\u0131z i\u00e7in \u00f6zenle se\u00e7ilmi\u015ftir. Uygun fiyatl\u0131<strong> h\u0131rdavat malzemeleri, yap\u0131 kimyasallar\u0131 ve el aletleri <\/strong>ile projelerinizi g\u00fcvenle hayata ge\u00e7irebilirsiniz.<\/p>\t\t\t\t\t\t\t\t<\/div>\n\t\t\t\t<\/div>\n\t\t\t\t\t<\/div>\n\t\t\t\t<\/div>\n\t\t\t\t<\/div>\n\t\t","protected":false},"excerpt":{"rendered":"<p>H\u0131rdavat &amp; Yap\u0131 Malzemeleri Temelden Detaya, H\u0131rdavat Ve Yap\u0131 Malzemelerinde Kalite. Hem profesyonel ustalar\u0131n hem de bireysel kullan\u0131c\u0131lar\u0131n ihtiya\u00e7lar\u0131na cevap verecek geni\u015f \u00fcr\u00fcn \u00e7e\u015fitlili\u011fi sunar. Ev onar\u0131mlar\u0131ndan b\u00fcy\u00fck projelere kadar her i\u015f i\u00e7in uygun h\u0131rdavat malzemeleri ve yap\u0131 malzemeleri ile g\u00fcvenilir \u00e7\u00f6z\u00fcmler sa\u011fl\u0131yoruz. El Aletleri: \u00c7eki\u00e7, pense, anahtar tak\u0131mlar\u0131, boru anahtar\u0131, metre, budama testeresi, p\u00fcrm\u00fcz, kriko, caraskal ve boru makas\u0131 gibi dayan\u0131kl\u0131 \u00fcr\u00fcnlerle i\u015flerinizi kolayla\u015ft\u0131r\u0131n. Ba\u011flant\u0131 Elemanlar\u0131: Vida, somun, pul, kulp, \u00e7ekmece ray\u0131, raf destek kollar\u0131, ve ba\u011flant\u0131 aparatlar\u0131yla montaj i\u015flerinde sa\u011flaml\u0131k ve uzun \u00f6m\u00fcr elde edin. Kap\u0131 Ve G\u00fcvenlik Sistemleri: Oda kilidi, otel kilidi, asma kilit, kap\u0131 kollar\u0131, \u00e7elik kasa ve ufak para kasalar\u0131yla g\u00fcvenli\u011fi \u00f6n planda tutun. Yap\u0131 Malzemeleri: Kalekim, \u00e7imento, al\u00e7\u0131, silikon, mastik, derz dolgu, al\u00e7\u0131 malas\u0131, s\u00fcngerli mala, s\u0131va malas\u0131, s\u0131va k\u00f6\u015fe \u00e7\u0131tas\u0131, seramik k\u00f6\u015fe \u00e7\u0131tas\u0131, al\u00e7\u0131 k\u00f6\u015fe \u00e7\u0131tas\u0131yla her t\u00fcrl\u00fc in\u015faat ve tadilat i\u015finizi profesyonelce tamamlay\u0131n. Depo Ve Raf Sistemleri: Market raf sistemleri, depo raf sistemleri, \u00fcr\u00fcn te\u015fhir stand\u0131, delikli arka pano, tel pano ve kancalar\u0131 ile i\u015f yerlerinizde d\u00fczeni sa\u011flay\u0131n. Kesici &amp; A\u015f\u0131nd\u0131r\u0131c\u0131 \u00dcr\u00fcnler: Kesici ta\u015f \u00e7e\u015fitleri ve ta\u015flama aksesuarlar\u0131yla g\u00fc\u00e7l\u00fc performans elde edin. Genel Ekipmanlar: Merdiven \u00e7e\u015fitleri, a\u011f\u0131r y\u00fck ta\u015f\u0131ma yard\u0131mc\u0131lar\u0131 ve dayan\u0131kl\u0131 yard\u0131mc\u0131 el aletleriyle i\u015flerinizi h\u0131zland\u0131r\u0131n. Kategorimizde yer alan t\u00fcm \u00fcr\u00fcnler kaliteli, g\u00fcvenilir ve uzun \u00f6m\u00fcrl\u00fc olup, i\u015finizde maksimum verim alman\u0131z i\u00e7in \u00f6zenle se\u00e7ilmi\u015ftir. Uygun fiyatl\u0131 h\u0131rdavat malzemeleri, yap\u0131 kimyasallar\u0131 ve el aletleri ile projelerinizi g\u00fcvenle hayata ge\u00e7irebilirsiniz.<\/p>\n","protected":false},"author":2,"featured_media":0,"parent":0,"menu_order":0,"comment_status":"closed","ping_status":"closed","template":"","meta":{"footnotes":""},"class_list":["post-2271","page","type-page","status-publish","hentry"],"acf":[],"_links":{"self":[{"href":"https:\/\/www.kilicogluhirdavat.com\/index.php?rest_route=\/wp\/v2\/pages\/2271","targetHints":{"allow":["GET"]}}],"collection":[{"href":"https:\/\/www.kilicogluhirdavat.com\/index.php?rest_route=\/wp\/v2\/pages"}],"about":[{"href":"https:\/\/www.kilicogluhirdavat.com\/index.php?rest_route=\/wp\/v2\/types\/page"}],"author":[{"embeddable":true,"href":"https:\/\/www.kilicogluhirdavat.com\/index.php?rest_route=\/wp\/v2\/users\/2"}],"replies":[{"embeddable":true,"href":"https:\/\/www.kilicogluhirdavat.com\/index.php?rest_route=%2Fwp%2Fv2%2Fcomments&post=2271"}],"version-history":[{"count":49,"href":"https:\/\/www.kilicogluhirdavat.com\/index.php?rest_route=\/wp\/v2\/pages\/2271\/revisions"}],"predecessor-version":[{"id":2955,"href":"https:\/\/www.kilicogluhirdavat.com\/index.php?rest_route=\/wp\/v2\/pages\/2271\/revisions\/2955"}],"wp:attachment":[{"href":"https:\/\/www.kilicogluhirdavat.com\/index.php?rest_route=%2Fwp%2Fv2%2Fmedia&parent=2271"}],"curies":[{"name":"wp","href":"https:\/\/api.w.org\/{rel}","templated":true}]}}