{"id":2315,"date":"2025-09-08T05:50:14","date_gmt":"2025-09-08T05:50:14","guid":{"rendered":"https:\/\/www.kilicogluhirdavat.com\/?page_id=2315"},"modified":"2025-09-10T08:18:11","modified_gmt":"2025-09-10T08:18:11","slug":"bahce-yapi-malzemeleri","status":"publish","type":"page","link":"https:\/\/www.kilicogluhirdavat.com\/?page_id=2315","title":{"rendered":"Tesisat, Banyo &amp; Mutfak \u00dcr\u00fcnleri"},"content":{"rendered":"\t\t<div data-elementor-type=\"wp-page\" data-elementor-id=\"2315\" class=\"elementor elementor-2315\">\n\t\t\t\t<div class=\"elementor-element elementor-element-8d4f30c e-flex e-con-boxed wpr-particle-no wpr-sticky-section-no wpr-equal-height-no e-con e-parent\" data-id=\"8d4f30c\" data-element_type=\"container\" data-e-type=\"container\" data-settings=\"{&quot;background_background&quot;:&quot;classic&quot;}\">\n\t\t\t\t\t<div class=\"e-con-inner\">\n\t\t\t\t<div class=\"elementor-element elementor-element-54c7c44 elementor-widget elementor-widget-heading\" data-id=\"54c7c44\" data-element_type=\"widget\" data-e-type=\"widget\" data-widget_type=\"heading.default\">\n\t\t\t\t\t<h2 class=\"elementor-heading-title elementor-size-default\">Tesisat, Banyo &amp; Mutfak \u00dcr\u00fcnleri<\/h2>\t\t\t\t<\/div>\n\t\t\t\t\t<\/div>\n\t\t\t\t<\/div>\n\t\t<div class=\"elementor-element elementor-element-59bc71d e-flex e-con-boxed wpr-particle-no wpr-sticky-section-no wpr-equal-height-no e-con e-parent\" data-id=\"59bc71d\" data-element_type=\"container\" data-e-type=\"container\">\n\t\t\t\t\t<div class=\"e-con-inner\">\n\t\t<div class=\"elementor-element elementor-element-c5ea4ac e-con-full e-flex wpr-particle-no wpr-sticky-section-no wpr-equal-height-no e-con e-child\" data-id=\"c5ea4ac\" data-element_type=\"container\" data-e-type=\"container\">\n\t\t\t\t<div class=\"elementor-element elementor-element-35bc8a0 elementor-widget elementor-widget-image\" data-id=\"35bc8a0\" data-element_type=\"widget\" data-e-type=\"widget\" data-widget_type=\"image.default\">\n\t\t\t\t\t\t\t\t\t\t\t\t\t\t\t<img fetchpriority=\"high\" decoding=\"async\" width=\"1024\" height=\"1024\" src=\"https:\/\/www.kilicogluhirdavat.com\/wp-content\/uploads\/2025\/09\/WhatsApp-Gorsel-2025-09-09-saat-16.20.48_0894d149.jpg\" class=\"attachment-full size-full wp-image-2714\" alt=\"\" srcset=\"https:\/\/www.kilicogluhirdavat.com\/wp-content\/uploads\/2025\/09\/WhatsApp-Gorsel-2025-09-09-saat-16.20.48_0894d149.jpg 1024w, https:\/\/www.kilicogluhirdavat.com\/wp-content\/uploads\/2025\/09\/WhatsApp-Gorsel-2025-09-09-saat-16.20.48_0894d149-300x300.jpg 300w, https:\/\/www.kilicogluhirdavat.com\/wp-content\/uploads\/2025\/09\/WhatsApp-Gorsel-2025-09-09-saat-16.20.48_0894d149-150x150.jpg 150w, https:\/\/www.kilicogluhirdavat.com\/wp-content\/uploads\/2025\/09\/WhatsApp-Gorsel-2025-09-09-saat-16.20.48_0894d149-768x768.jpg 768w\" sizes=\"(max-width: 1024px) 100vw, 1024px\" \/>\t\t\t\t\t\t\t\t\t\t\t\t\t\t\t<\/div>\n\t\t\t\t<\/div>\n\t\t<div class=\"elementor-element elementor-element-9183c73 e-con-full e-flex wpr-particle-no wpr-sticky-section-no wpr-equal-height-no e-con e-child\" data-id=\"9183c73\" data-element_type=\"container\" data-e-type=\"container\">\n\t\t\t\t<div class=\"elementor-element elementor-element-7afec2f elementor-widget elementor-widget-heading\" data-id=\"7afec2f\" data-element_type=\"widget\" data-e-type=\"widget\" data-widget_type=\"heading.default\">\n\t\t\t\t\t<h2 class=\"elementor-heading-title elementor-size-default\">Banyonuzdan Mutfa\u011f\u0131n\u0131za, Tesisat\u0131n Her Detay\u0131nda Kalite Yan\u0131n\u0131zda.<\/h2>\t\t\t\t<\/div>\n\t\t\t\t<div class=\"elementor-element elementor-element-c83906a elementor-widget elementor-widget-text-editor\" data-id=\"c83906a\" data-element_type=\"widget\" data-e-type=\"widget\" data-widget_type=\"text-editor.default\">\n\t\t\t\t\t\t\t\t\t<p><strong>Su ve ya\u015fam alanlar\u0131n\u0131n vazge\u00e7ilmez par\u00e7alar\u0131 olan tesisat, banyo ve mutfak \u00fcr\u00fcnleri, hem i\u015flevselli\u011fi hem de esteti\u011fi bir araya getirir.<\/strong><\/p><p><strong>Mutfak evyesi, batarya \u00e7e\u015fitleri, du\u015f sistemleri, klozet kapaklar\u0131, du\u015f ba\u015fl\u0131klar\u0131, banyo aynas\u0131, sifon \u00e7e\u015fitleri, banyo tamamlay\u0131c\u0131 \u00fcr\u00fcnler, rezervuar i\u00e7 tak\u0131mlar\u0131 ve havaland\u0131rma \u00fcr\u00fcnleri ile <\/strong>banyolar\u0131n\u0131zda ve mutfaklar\u0131n\u0131zda kaliteyi yakalay\u0131n.<strong> Tekli musluk, ara musluk, taharet muslu\u011fu, \u00e7ama\u015f\u0131r makine muslu\u011fu, end\u00fcstriyel batarya ve s\u0131hhi tesisat borular\u0131 <\/strong>gibi her ihtiyac\u0131n\u0131za uygun \u00fcr\u00fcnleri tek \u00e7at\u0131 alt\u0131nda sunuyoruz.<strong> Banyo aspirat\u00f6r\u00fc, havaland\u0131rma menfezi ve du\u015f spiral hortumlar\u0131yla <\/strong>ya\u015fam alanlar\u0131n\u0131zda hem estetik hem de fonksiyonel \u00e7\u00f6z\u00fcmler sa\u011fl\u0131yoruz.<strong> Banyo bataryas\u0131 fiyatlar\u0131, mutfak evyesi ve tesisat \u00fcr\u00fcnleri <\/strong>i\u00e7in g\u00fcvenle al\u0131\u015fveri\u015f yap\u0131n.<\/p><p>Dayan\u0131kl\u0131 malzemelerden \u00fcretilmi\u015f, uzun \u00f6m\u00fcrl\u00fc ve modern tasar\u0131ml\u0131 se\u00e7eneklerle, <strong>banyo ve mutfaklar\u0131n\u0131z\u0131<\/strong> hem \u015f\u0131k hem de kullan\u0131\u015fl\u0131 hale getirmenizi sa\u011fl\u0131yoruz.<\/p>\t\t\t\t\t\t\t\t<\/div>\n\t\t\t\t<\/div>\n\t\t\t\t\t<\/div>\n\t\t\t\t<\/div>\n\t\t\t\t<\/div>\n\t\t","protected":false},"excerpt":{"rendered":"<p>Tesisat, Banyo &amp; Mutfak \u00dcr\u00fcnleri Banyonuzdan Mutfa\u011f\u0131n\u0131za, Tesisat\u0131n Her Detay\u0131nda Kalite Yan\u0131n\u0131zda. Su ve ya\u015fam alanlar\u0131n\u0131n vazge\u00e7ilmez par\u00e7alar\u0131 olan tesisat, banyo ve mutfak \u00fcr\u00fcnleri, hem i\u015flevselli\u011fi hem de esteti\u011fi bir araya getirir. Mutfak evyesi, batarya \u00e7e\u015fitleri, du\u015f sistemleri, klozet kapaklar\u0131, du\u015f ba\u015fl\u0131klar\u0131, banyo aynas\u0131, sifon \u00e7e\u015fitleri, banyo tamamlay\u0131c\u0131 \u00fcr\u00fcnler, rezervuar i\u00e7 tak\u0131mlar\u0131 ve havaland\u0131rma \u00fcr\u00fcnleri ile banyolar\u0131n\u0131zda ve mutfaklar\u0131n\u0131zda kaliteyi yakalay\u0131n. Tekli musluk, ara musluk, taharet muslu\u011fu, \u00e7ama\u015f\u0131r makine muslu\u011fu, end\u00fcstriyel batarya ve s\u0131hhi tesisat borular\u0131 gibi her ihtiyac\u0131n\u0131za uygun \u00fcr\u00fcnleri tek \u00e7at\u0131 alt\u0131nda sunuyoruz. Banyo aspirat\u00f6r\u00fc, havaland\u0131rma menfezi ve du\u015f spiral hortumlar\u0131yla ya\u015fam alanlar\u0131n\u0131zda hem estetik hem de fonksiyonel \u00e7\u00f6z\u00fcmler sa\u011fl\u0131yoruz. Banyo bataryas\u0131 fiyatlar\u0131, mutfak evyesi ve tesisat \u00fcr\u00fcnleri i\u00e7in g\u00fcvenle al\u0131\u015fveri\u015f yap\u0131n. Dayan\u0131kl\u0131 malzemelerden \u00fcretilmi\u015f, uzun \u00f6m\u00fcrl\u00fc ve modern tasar\u0131ml\u0131 se\u00e7eneklerle, banyo ve mutfaklar\u0131n\u0131z\u0131 hem \u015f\u0131k hem de kullan\u0131\u015fl\u0131 hale getirmenizi sa\u011fl\u0131yoruz.<\/p>\n","protected":false},"author":2,"featured_media":0,"parent":0,"menu_order":0,"comment_status":"closed","ping_status":"closed","template":"","meta":{"footnotes":""},"class_list":["post-2315","page","type-page","status-publish","hentry"],"acf":[],"_links":{"self":[{"href":"https:\/\/www.kilicogluhirdavat.com\/index.php?rest_route=\/wp\/v2\/pages\/2315","targetHints":{"allow":["GET"]}}],"collection":[{"href":"https:\/\/www.kilicogluhirdavat.com\/index.php?rest_route=\/wp\/v2\/pages"}],"about":[{"href":"https:\/\/www.kilicogluhirdavat.com\/index.php?rest_route=\/wp\/v2\/types\/page"}],"author":[{"embeddable":true,"href":"https:\/\/www.kilicogluhirdavat.com\/index.php?rest_route=\/wp\/v2\/users\/2"}],"replies":[{"embeddable":true,"href":"https:\/\/www.kilicogluhirdavat.com\/index.php?rest_route=%2Fwp%2Fv2%2Fcomments&post=2315"}],"version-history":[{"count":35,"href":"https:\/\/www.kilicogluhirdavat.com\/index.php?rest_route=\/wp\/v2\/pages\/2315\/revisions"}],"predecessor-version":[{"id":2884,"href":"https:\/\/www.kilicogluhirdavat.com\/index.php?rest_route=\/wp\/v2\/pages\/2315\/revisions\/2884"}],"wp:attachment":[{"href":"https:\/\/www.kilicogluhirdavat.com\/index.php?rest_route=%2Fwp%2Fv2%2Fmedia&parent=2315"}],"curies":[{"name":"wp","href":"https:\/\/api.w.org\/{rel}","templated":true}]}}