{"id":2327,"date":"2025-09-08T05:56:15","date_gmt":"2025-09-08T05:56:15","guid":{"rendered":"https:\/\/www.kilicogluhirdavat.com\/?page_id=2327"},"modified":"2025-09-10T14:33:40","modified_gmt":"2025-09-10T14:33:40","slug":"guvenlik-is-ekipmanlari","status":"publish","type":"page","link":"https:\/\/www.kilicogluhirdavat.com\/?page_id=2327","title":{"rendered":"Bah\u00e7e &amp; G\u00fcvenlik &amp; \u0130\u015f Ekipmanlar\u0131"},"content":{"rendered":"\t\t<div data-elementor-type=\"wp-page\" data-elementor-id=\"2327\" class=\"elementor elementor-2327\">\n\t\t\t\t<div class=\"elementor-element elementor-element-2bb0b4d8 e-flex e-con-boxed wpr-particle-no wpr-sticky-section-no wpr-equal-height-no e-con e-parent\" data-id=\"2bb0b4d8\" data-element_type=\"container\" data-e-type=\"container\" data-settings=\"{&quot;background_background&quot;:&quot;classic&quot;}\">\n\t\t\t\t\t<div class=\"e-con-inner\">\n\t\t\t\t<div class=\"elementor-element elementor-element-053cbb5 elementor-widget elementor-widget-heading\" data-id=\"053cbb5\" data-element_type=\"widget\" data-e-type=\"widget\" data-widget_type=\"heading.default\">\n\t\t\t\t\t<h2 class=\"elementor-heading-title elementor-size-default\">Bah\u00e7e &amp; G\u00fcvenlik &amp; \u0130\u015f Ekipmanlar\u0131<\/h2>\t\t\t\t<\/div>\n\t\t\t\t\t<\/div>\n\t\t\t\t<\/div>\n\t\t<div data-wpr-particles=\"{&quot;particles&quot;:{&quot;number&quot;:{&quot;value&quot;:160,&quot;density&quot;:{&quot;enable&quot;:true,&quot;value_area&quot;:800}},&quot;color&quot;:{&quot;value&quot;:&quot;#000000&quot;},&quot;shape&quot;:{&quot;type&quot;:&quot;circle&quot;,&quot;stroke&quot;:{&quot;width&quot;:0,&quot;color&quot;:&quot;#000000&quot;},&quot;polygon&quot;:{&quot;nb_sides&quot;:5},&quot;image&quot;:{&quot;src&quot;:&quot;img\/github.svg&quot;,&quot;width&quot;:100,&quot;height&quot;:100}},&quot;opacity&quot;:{&quot;value&quot;:1,&quot;random&quot;:true,&quot;anim&quot;:{&quot;enable&quot;:true,&quot;speed&quot;:1,&quot;opacity_min&quot;:0,&quot;sync&quot;:false}},&quot;size&quot;:{&quot;value&quot;:3,&quot;random&quot;:true,&quot;anim&quot;:{&quot;enable&quot;:false,&quot;speed&quot;:4,&quot;size_min&quot;:0.3,&quot;sync&quot;:false}},&quot;line_linked&quot;:{&quot;enable&quot;:false,&quot;distance&quot;:150,&quot;color&quot;:&quot;#000000&quot;,&quot;opacity&quot;:0.4,&quot;width&quot;:1},&quot;move&quot;:{&quot;enable&quot;:true,&quot;speed&quot;:2,&quot;direction&quot;:&quot;none&quot;,&quot;random&quot;:true,&quot;straight&quot;:false,&quot;out_mode&quot;:&quot;out&quot;,&quot;bounce&quot;:false,&quot;attract&quot;:{&quot;enable&quot;:false,&quot;rotateX&quot;:600,&quot;rotateY&quot;:600}}},&quot;interactivity&quot;:{&quot;detect_on&quot;:&quot;window&quot;,&quot;events&quot;:{&quot;onhover&quot;:{&quot;enable&quot;:true,&quot;mode&quot;:&quot;bubble&quot;},&quot;onclick&quot;:{&quot;enable&quot;:true,&quot;mode&quot;:&quot;repulse&quot;},&quot;resize&quot;:true},&quot;modes&quot;:{&quot;grab&quot;:{&quot;distance&quot;:400,&quot;line_linked&quot;:{&quot;opacity&quot;:1}},&quot;bubble&quot;:{&quot;distance&quot;:250,&quot;size&quot;:0,&quot;duration&quot;:2,&quot;opacity&quot;:0,&quot;speed&quot;:3},&quot;repulse&quot;:{&quot;distance&quot;:400,&quot;duration&quot;:0.4},&quot;push&quot;:{&quot;particles_nb&quot;:4},&quot;remove&quot;:{&quot;particles_nb&quot;:2}}},&quot;retina_detect&quot;:true}\" particle-source=\"wpr_particle_json\" class=\"elementor-element elementor-element-26fbcd6 wpr-particle-yes e-flex e-con-boxed wpr-sticky-section-no wpr-equal-height-no e-con e-parent\" data-id=\"26fbcd6\" data-element_type=\"container\" data-e-type=\"container\">\n\t\t\t\t\t<div class=\"e-con-inner\">\n\t\t<div class=\"elementor-element elementor-element-013418f e-con-full e-flex wpr-particle-no wpr-sticky-section-no wpr-equal-height-no e-con e-child\" data-id=\"013418f\" data-element_type=\"container\" data-e-type=\"container\">\n\t\t\t\t<div class=\"elementor-element elementor-element-45f4d56 elementor-widget elementor-widget-heading\" data-id=\"45f4d56\" data-element_type=\"widget\" data-e-type=\"widget\" data-widget_type=\"heading.default\">\n\t\t\t\t\t<h2 class=\"elementor-heading-title elementor-size-default\">Bah\u00e7eden \u015eantiyeye, G\u00fc\u00e7l\u00fc \u00c7\u00f6z\u00fcmler.<\/h2>\t\t\t\t<\/div>\n\t\t\t\t<div class=\"elementor-element elementor-element-5c38be2 elementor-widget elementor-widget-text-editor\" data-id=\"5c38be2\" data-element_type=\"widget\" data-e-type=\"widget\" data-widget_type=\"text-editor.default\">\n\t\t\t\t\t\t\t\t\t<p>Bah\u00e7e, i\u015f ve ya\u015fam alanlar\u0131n\u0131z i\u00e7in <strong>dayan\u0131kl\u0131 kaliteli ve uygun fiyatl\u0131 ekipmanlar<\/strong> burada!<\/p>\n<p><strong>\u00c7\u00f6p konteyneri, el arabas\u0131, sera kasa arabas\u0131, hortum arabas\u0131, hortum, naylon halat, ip, k\u00fcrek, gelberi, t\u0131rm\u0131k, bel k\u00fcre\u011fi, zahire k\u00fcre\u011fi, \u00e7im t\u0131rm\u0131\u011f\u0131, bah\u00e7e teli, k\u00fcmes teli, avakado toplama ve meyve toplama aparat\u0131, sera \u00f6rt\u00fcs\u00fc ve g\u00f6lgelik t\u00fcl\u00fc gibi bah\u00e7e malzemeleri<\/strong> ile i\u015fleriniz \u00e7ok daha pratik.<strong> El \u00c7apas\u0131, f\u0131skiye, <\/strong>\u00e7e\u015fitleri sayesinde bah\u00e7e bak\u0131m\u0131n\u0131z\u0131 kolayca yapabilirsiniz.<\/p>\n<p>\u0130\u015f g\u00fcvenli\u011fi ekipmanlar\u0131 kategorimizde ise<strong> baret, kimyasal eldiven, i\u015f ayakkab\u0131s\u0131, yang\u0131n t\u00fcp\u00fc, \u00e7izme, eldiven, trafik konisi, delinat\u00f6r, y\u00fcz ve toz maskesi, gaz maskesi, <\/strong>gibi \u00fcr\u00fcnlerle hem g\u00fcvenli\u011finizi sa\u011fl\u0131yor hem de profesyonel \u00e7\u00f6z\u00fcmler sunuyoruz.<\/p>\n<p>Kapsaml\u0131 \u00dcr\u00fcn yelpazemiz sayesinde<strong> bah\u00e7e ekipmanlar\u0131 fiyatlar\u0131, i\u015f g\u00fcvenli\u011fi malzemeleri, el arabas\u0131 ve sera \u00f6rt\u00fcs\u00fc \u00e7e\u015fitleri <\/strong>arayanlar i\u00e7in en do\u011fru adres buras\u0131.<\/p>\n<p>G\u00fcvenilir, uzun \u00f6m\u00fcrl\u00fc ve i\u015flevsel \u00fcr\u00fcnlerimizle hem i\u015finizi kolayla\u015ft\u0131r\u0131n hemde g\u00fcvenle kullan\u0131n.<\/p>\t\t\t\t\t\t\t\t<\/div>\n\t\t\t\t<\/div>\n\t\t<div class=\"elementor-element elementor-element-7d2e3b5 e-con-full e-flex wpr-particle-no wpr-sticky-section-no wpr-equal-height-no e-con e-child\" data-id=\"7d2e3b5\" data-element_type=\"container\" data-e-type=\"container\">\n\t\t\t\t<div class=\"elementor-element elementor-element-e5aaf9b elementor-widget elementor-widget-image\" data-id=\"e5aaf9b\" data-element_type=\"widget\" data-e-type=\"widget\" data-widget_type=\"image.default\">\n\t\t\t\t\t\t\t\t\t\t\t\t\t\t\t<img fetchpriority=\"high\" decoding=\"async\" width=\"1024\" height=\"1024\" src=\"https:\/\/www.kilicogluhirdavat.com\/wp-content\/uploads\/2025\/09\/WhatsApp-Gorsel-2025-09-09-saat-17.31.18_cf69ad85.jpg\" class=\"attachment-full size-full wp-image-2746\" alt=\"\" srcset=\"https:\/\/www.kilicogluhirdavat.com\/wp-content\/uploads\/2025\/09\/WhatsApp-Gorsel-2025-09-09-saat-17.31.18_cf69ad85.jpg 1024w, https:\/\/www.kilicogluhirdavat.com\/wp-content\/uploads\/2025\/09\/WhatsApp-Gorsel-2025-09-09-saat-17.31.18_cf69ad85-300x300.jpg 300w, https:\/\/www.kilicogluhirdavat.com\/wp-content\/uploads\/2025\/09\/WhatsApp-Gorsel-2025-09-09-saat-17.31.18_cf69ad85-150x150.jpg 150w, https:\/\/www.kilicogluhirdavat.com\/wp-content\/uploads\/2025\/09\/WhatsApp-Gorsel-2025-09-09-saat-17.31.18_cf69ad85-768x768.jpg 768w\" sizes=\"(max-width: 1024px) 100vw, 1024px\" \/>\t\t\t\t\t\t\t\t\t\t\t\t\t\t\t<\/div>\n\t\t\t\t<\/div>\n\t\t\t\t\t<\/div>\n\t\t\t\t<\/div>\n\t\t\t\t<\/div>\n\t\t","protected":false},"excerpt":{"rendered":"<p>Bah\u00e7e &amp; G\u00fcvenlik &amp; \u0130\u015f Ekipmanlar\u0131 Bah\u00e7eden \u015eantiyeye, G\u00fc\u00e7l\u00fc \u00c7\u00f6z\u00fcmler. Bah\u00e7e, i\u015f ve ya\u015fam alanlar\u0131n\u0131z i\u00e7in dayan\u0131kl\u0131 kaliteli ve uygun fiyatl\u0131 ekipmanlar burada! \u00c7\u00f6p konteyneri, el arabas\u0131, sera kasa arabas\u0131, hortum arabas\u0131, hortum, naylon halat, ip, k\u00fcrek, gelberi, t\u0131rm\u0131k, bel k\u00fcre\u011fi, zahire k\u00fcre\u011fi, \u00e7im t\u0131rm\u0131\u011f\u0131, bah\u00e7e teli, k\u00fcmes teli, avakado toplama ve meyve toplama aparat\u0131, sera \u00f6rt\u00fcs\u00fc ve g\u00f6lgelik t\u00fcl\u00fc gibi bah\u00e7e malzemeleri ile i\u015fleriniz \u00e7ok daha pratik. El \u00c7apas\u0131, f\u0131skiye, \u00e7e\u015fitleri sayesinde bah\u00e7e bak\u0131m\u0131n\u0131z\u0131 kolayca yapabilirsiniz. \u0130\u015f g\u00fcvenli\u011fi ekipmanlar\u0131 kategorimizde ise baret, kimyasal eldiven, i\u015f ayakkab\u0131s\u0131, yang\u0131n t\u00fcp\u00fc, \u00e7izme, eldiven, trafik konisi, delinat\u00f6r, y\u00fcz ve toz maskesi, gaz maskesi, gibi \u00fcr\u00fcnlerle hem g\u00fcvenli\u011finizi sa\u011fl\u0131yor hem de profesyonel \u00e7\u00f6z\u00fcmler sunuyoruz. Kapsaml\u0131 \u00dcr\u00fcn yelpazemiz sayesinde bah\u00e7e ekipmanlar\u0131 fiyatlar\u0131, i\u015f g\u00fcvenli\u011fi malzemeleri, el arabas\u0131 ve sera \u00f6rt\u00fcs\u00fc \u00e7e\u015fitleri arayanlar i\u00e7in en do\u011fru adres buras\u0131. G\u00fcvenilir, uzun \u00f6m\u00fcrl\u00fc ve i\u015flevsel \u00fcr\u00fcnlerimizle hem i\u015finizi kolayla\u015ft\u0131r\u0131n hemde g\u00fcvenle kullan\u0131n.<\/p>\n","protected":false},"author":2,"featured_media":0,"parent":0,"menu_order":0,"comment_status":"closed","ping_status":"closed","template":"","meta":{"footnotes":""},"class_list":["post-2327","page","type-page","status-publish","hentry"],"acf":[],"_links":{"self":[{"href":"https:\/\/www.kilicogluhirdavat.com\/index.php?rest_route=\/wp\/v2\/pages\/2327","targetHints":{"allow":["GET"]}}],"collection":[{"href":"https:\/\/www.kilicogluhirdavat.com\/index.php?rest_route=\/wp\/v2\/pages"}],"about":[{"href":"https:\/\/www.kilicogluhirdavat.com\/index.php?rest_route=\/wp\/v2\/types\/page"}],"author":[{"embeddable":true,"href":"https:\/\/www.kilicogluhirdavat.com\/index.php?rest_route=\/wp\/v2\/users\/2"}],"replies":[{"embeddable":true,"href":"https:\/\/www.kilicogluhirdavat.com\/index.php?rest_route=%2Fwp%2Fv2%2Fcomments&post=2327"}],"version-history":[{"count":61,"href":"https:\/\/www.kilicogluhirdavat.com\/index.php?rest_route=\/wp\/v2\/pages\/2327\/revisions"}],"predecessor-version":[{"id":2907,"href":"https:\/\/www.kilicogluhirdavat.com\/index.php?rest_route=\/wp\/v2\/pages\/2327\/revisions\/2907"}],"wp:attachment":[{"href":"https:\/\/www.kilicogluhirdavat.com\/index.php?rest_route=%2Fwp%2Fv2%2Fmedia&parent=2327"}],"curies":[{"name":"wp","href":"https:\/\/api.w.org\/{rel}","templated":true}]}}