{"id":24,"date":"2024-08-19T06:43:00","date_gmt":"2024-08-19T06:43:00","guid":{"rendered":"https:\/\/demosites.royal-elementor-addons.com\/electrician-v2\/?page_id=24"},"modified":"2025-09-08T13:57:03","modified_gmt":"2025-09-08T13:57:03","slug":"iletisim","status":"publish","type":"page","link":"https:\/\/www.kilicogluhirdavat.com\/?page_id=24","title":{"rendered":"\u0130leti\u015fim"},"content":{"rendered":"\t\t<div data-elementor-type=\"wp-page\" data-elementor-id=\"24\" class=\"elementor elementor-24\">\n\t\t\t\t<div class=\"elementor-element elementor-element-899126b e-flex e-con-boxed wpr-particle-no wpr-sticky-section-no wpr-equal-height-no elementor-invisible e-con e-parent\" data-id=\"899126b\" data-element_type=\"container\" data-e-type=\"container\" data-settings=\"{&quot;background_background&quot;:&quot;classic&quot;,&quot;animation&quot;:&quot;fadeIn&quot;}\">\n\t\t\t\t\t<div class=\"e-con-inner\">\n\t\t\t\t<div class=\"elementor-element elementor-element-b35b3f8 elementor-widget elementor-widget-heading\" data-id=\"b35b3f8\" data-element_type=\"widget\" data-e-type=\"widget\" data-widget_type=\"heading.default\">\n\t\t\t\t\t<h1 class=\"elementor-heading-title elementor-size-default\"><a href=\"https:\/\/www.kilicogluhirdavat.com\/?page_id=24\">\u0130LET\u0130\u015e\u0130M<\/a><\/h1>\t\t\t\t<\/div>\n\t\t\t\t\t<\/div>\n\t\t\t\t<\/div>\n\t\t<div data-wpr-particles=\"{&quot;particles&quot;:{&quot;number&quot;:{&quot;value&quot;:400,&quot;density&quot;:{&quot;enable&quot;:true,&quot;value_area&quot;:800}},&quot;color&quot;:{&quot;value&quot;:&quot;#000000&quot;},&quot;shape&quot;:{&quot;type&quot;:&quot;circle&quot;,&quot;stroke&quot;:{&quot;width&quot;:0,&quot;color&quot;:&quot;#000000&quot;},&quot;polygon&quot;:{&quot;nb_sides&quot;:5},&quot;image&quot;:{&quot;src&quot;:&quot;img\/github.svg&quot;,&quot;width&quot;:100,&quot;height&quot;:100}},&quot;opacity&quot;:{&quot;value&quot;:0.5,&quot;random&quot;:true,&quot;anim&quot;:{&quot;enable&quot;:false,&quot;speed&quot;:1,&quot;opacity_min&quot;:0.1,&quot;sync&quot;:false}},&quot;size&quot;:{&quot;value&quot;:10,&quot;random&quot;:true,&quot;anim&quot;:{&quot;enable&quot;:false,&quot;speed&quot;:40,&quot;size_min&quot;:0.1,&quot;sync&quot;:false}},&quot;line_linked&quot;:{&quot;enable&quot;:false,&quot;distance&quot;:500,&quot;color&quot;:&quot;#000000&quot;,&quot;opacity&quot;:0.4,&quot;width&quot;:2},&quot;move&quot;:{&quot;enable&quot;:true,&quot;speed&quot;:6,&quot;direction&quot;:&quot;bottom&quot;,&quot;random&quot;:false,&quot;straight&quot;:false,&quot;out_mode&quot;:&quot;out&quot;,&quot;bounce&quot;:false,&quot;attract&quot;:{&quot;enable&quot;:false,&quot;rotateX&quot;:600,&quot;rotateY&quot;:1200}}},&quot;interactivity&quot;:{&quot;detect_on&quot;:&quot;window&quot;,&quot;events&quot;:{&quot;onhover&quot;:{&quot;enable&quot;:true,&quot;mode&quot;:&quot;bubble&quot;},&quot;onclick&quot;:{&quot;enable&quot;:true,&quot;mode&quot;:&quot;repulse&quot;},&quot;resize&quot;:true},&quot;modes&quot;:{&quot;grab&quot;:{&quot;distance&quot;:400,&quot;line_linked&quot;:{&quot;opacity&quot;:0.5}},&quot;bubble&quot;:{&quot;distance&quot;:400,&quot;size&quot;:4,&quot;duration&quot;:0.3,&quot;opacity&quot;:1,&quot;speed&quot;:3},&quot;repulse&quot;:{&quot;distance&quot;:200,&quot;duration&quot;:0.4},&quot;push&quot;:{&quot;particles_nb&quot;:4},&quot;remove&quot;:{&quot;particles_nb&quot;:2}}},&quot;retina_detect&quot;:true}\" particle-source=\"wpr_particle_json\" class=\"elementor-element elementor-element-0b93ab7 wpr-particle-yes e-flex e-con-boxed wpr-sticky-section-no wpr-equal-height-no e-con e-parent\" data-id=\"0b93ab7\" data-element_type=\"container\" data-e-type=\"container\">\n\t\t\t\t\t<div class=\"e-con-inner\">\n\t\t<div class=\"elementor-element elementor-element-73c1c60 e-flex e-con-boxed wpr-particle-no wpr-sticky-section-no wpr-equal-height-no elementor-invisible e-con e-child\" data-id=\"73c1c60\" data-element_type=\"container\" data-e-type=\"container\" data-settings=\"{&quot;animation&quot;:&quot;slideInLeft&quot;}\">\n\t\t\t\t\t<div class=\"e-con-inner\">\n\t\t\t\t<div class=\"elementor-element elementor-element-c264b85 elementor-widget elementor-widget-heading\" data-id=\"c264b85\" data-element_type=\"widget\" data-e-type=\"widget\" data-widget_type=\"heading.default\">\n\t\t\t\t\t<h2 class=\"elementor-heading-title elementor-size-default\">Bizimle ileti\u015fime ge\u00e7in<\/h2>\t\t\t\t<\/div>\n\t\t\t\t<div class=\"elementor-element elementor-element-6566d9c elementor-widget elementor-widget-text-editor\" data-id=\"6566d9c\" data-element_type=\"widget\" data-e-type=\"widget\" data-widget_type=\"text-editor.default\">\n\t\t\t\t\t\t\t\t\t<p>Soru ve talepleriniz i\u00e7in bize a\u015fa\u011f\u0131daki bilgilerden veya form \u00fczerinden ileti\u015fime ge\u00e7ebilirsiniz<\/p>\t\t\t\t\t\t\t\t<\/div>\n\t\t\t\t<div class=\"elementor-element elementor-element-2edafe3 elementor-position-inline-start elementor-view-default elementor-widget elementor-widget-icon-box\" data-id=\"2edafe3\" data-element_type=\"widget\" data-e-type=\"widget\" data-widget_type=\"icon-box.default\">\n\t\t\t\t\t\t\t<div class=\"elementor-icon-box-wrapper\">\n\n\t\t\t\t\t\t<div class=\"elementor-icon-box-icon\">\n\t\t\t\t<a href=\"tel:05539305606\" class=\"elementor-icon\" tabindex=\"-1\" aria-label=\"Telefon\">\n\t\t\t\t<svg aria-hidden=\"true\" class=\"e-font-icon-svg e-fas-phone-alt\" viewBox=\"0 0 512 512\" xmlns=\"http:\/\/www.w3.org\/2000\/svg\"><path d=\"M497.39 361.8l-112-48a24 24 0 0 0-28 6.9l-49.6 60.6A370.66 370.66 0 0 1 130.6 204.11l60.6-49.6a23.94 23.94 0 0 0 6.9-28l-48-112A24.16 24.16 0 0 0 122.6.61l-104 24A24 24 0 0 0 0 48c0 256.5 207.9 464 464 464a24 24 0 0 0 23.4-18.6l24-104a24.29 24.29 0 0 0-14.01-27.6z\"><\/path><\/svg>\t\t\t\t<\/a>\n\t\t\t<\/div>\n\t\t\t\n\t\t\t\t\t\t<div class=\"elementor-icon-box-content\">\n\n\t\t\t\t\t\t\t\t\t<h3 class=\"elementor-icon-box-title\">\n\t\t\t\t\t\t<a href=\"tel:05539305606\" >\n\t\t\t\t\t\t\tTelefon\t\t\t\t\t\t<\/a>\n\t\t\t\t\t<\/h3>\n\t\t\t\t\n\t\t\t\t\t\t\t\t\t<p class=\"elementor-icon-box-description\">\n\t\t\t\t\t\t0553 930 56 06\t\t\t\t\t<\/p>\n\t\t\t\t\n\t\t\t<\/div>\n\t\t\t\n\t\t<\/div>\n\t\t\t\t\t\t<\/div>\n\t\t\t\t<div class=\"elementor-element elementor-element-25991f9 elementor-position-inline-start elementor-view-default elementor-widget elementor-widget-icon-box\" data-id=\"25991f9\" data-element_type=\"widget\" data-e-type=\"widget\" data-widget_type=\"icon-box.default\">\n\t\t\t\t\t\t\t<div class=\"elementor-icon-box-wrapper\">\n\n\t\t\t\t\t\t<div class=\"elementor-icon-box-icon\">\n\t\t\t\t<a href=\"mailto:info@kilicogluhirdavat.com\" class=\"elementor-icon\" tabindex=\"-1\" aria-label=\"E-Posta\">\n\t\t\t\t<svg aria-hidden=\"true\" class=\"e-font-icon-svg e-fas-envelope\" viewBox=\"0 0 512 512\" xmlns=\"http:\/\/www.w3.org\/2000\/svg\"><path d=\"M502.3 190.8c3.9-3.1 9.7-.2 9.7 4.7V400c0 26.5-21.5 48-48 48H48c-26.5 0-48-21.5-48-48V195.6c0-5 5.7-7.8 9.7-4.7 22.4 17.4 52.1 39.5 154.1 113.6 21.1 15.4 56.7 47.8 92.2 47.6 35.7.3 72-32.8 92.3-47.6 102-74.1 131.6-96.3 154-113.7zM256 320c23.2.4 56.6-29.2 73.4-41.4 132.7-96.3 142.8-104.7 173.4-128.7 5.8-4.5 9.2-11.5 9.2-18.9v-19c0-26.5-21.5-48-48-48H48C21.5 64 0 85.5 0 112v19c0 7.4 3.4 14.3 9.2 18.9 30.6 23.9 40.7 32.4 173.4 128.7 16.8 12.2 50.2 41.8 73.4 41.4z\"><\/path><\/svg>\t\t\t\t<\/a>\n\t\t\t<\/div>\n\t\t\t\n\t\t\t\t\t\t<div class=\"elementor-icon-box-content\">\n\n\t\t\t\t\t\t\t\t\t<h3 class=\"elementor-icon-box-title\">\n\t\t\t\t\t\t<a href=\"mailto:info@kilicogluhirdavat.com\" >\n\t\t\t\t\t\t\tE-Posta\t\t\t\t\t\t<\/a>\n\t\t\t\t\t<\/h3>\n\t\t\t\t\n\t\t\t\t\t\t\t\t\t<p class=\"elementor-icon-box-description\">\n\t\t\t\t\t\tinfo@kilicogluhirdavat.com\t\t\t\t\t<\/p>\n\t\t\t\t\n\t\t\t<\/div>\n\t\t\t\n\t\t<\/div>\n\t\t\t\t\t\t<\/div>\n\t\t\t\t<div class=\"elementor-element elementor-element-0caa954 elementor-position-inline-start elementor-view-default elementor-widget elementor-widget-icon-box\" data-id=\"0caa954\" data-element_type=\"widget\" data-e-type=\"widget\" data-widget_type=\"icon-box.default\">\n\t\t\t\t\t\t\t<div class=\"elementor-icon-box-wrapper\">\n\n\t\t\t\t\t\t<div class=\"elementor-icon-box-icon\">\n\t\t\t\t<span  class=\"elementor-icon\">\n\t\t\t\t<svg aria-hidden=\"true\" class=\"e-font-icon-svg e-fas-map-marker-alt\" viewBox=\"0 0 384 512\" xmlns=\"http:\/\/www.w3.org\/2000\/svg\"><path d=\"M172.268 501.67C26.97 291.031 0 269.413 0 192 0 85.961 85.961 0 192 0s192 85.961 192 192c0 77.413-26.97 99.031-172.268 309.67-9.535 13.774-29.93 13.773-39.464 0zM192 272c44.183 0 80-35.817 80-80s-35.817-80-80-80-80 35.817-80 80 35.817 80 80 80z\"><\/path><\/svg>\t\t\t\t<\/span>\n\t\t\t<\/div>\n\t\t\t\n\t\t\t\t\t\t<div class=\"elementor-icon-box-content\">\n\n\t\t\t\t\t\t\t\t\t<h3 class=\"elementor-icon-box-title\">\n\t\t\t\t\t\t<span  >\n\t\t\t\t\t\t\tAdres\t\t\t\t\t\t<\/span>\n\t\t\t\t\t<\/h3>\n\t\t\t\t\n\t\t\t\t\t\t\t\t\t<p class=\"elementor-icon-box-description\">\n\t\t\t\t\t\tKonakl\u0131 Mahallesi Alaaddin Keykubat Bulvar\u0131 No:32\/C, Alanya, Antalya\t\t\t\t\t<\/p>\n\t\t\t\t\n\t\t\t<\/div>\n\t\t\t\n\t\t<\/div>\n\t\t\t\t\t\t<\/div>\n\t\t\t\t\t<\/div>\n\t\t\t\t<\/div>\n\t\t<div class=\"elementor-element elementor-element-00c143f e-flex e-con-boxed wpr-particle-no wpr-sticky-section-no wpr-equal-height-no elementor-invisible e-con e-child\" data-id=\"00c143f\" data-element_type=\"container\" data-e-type=\"container\" data-settings=\"{&quot;animation&quot;:&quot;slideInRight&quot;}\">\n\t\t\t\t\t<div class=\"e-con-inner\">\n\t\t\t\t<div class=\"elementor-element elementor-element-864ecb5 elementor-widget elementor-widget-heading\" data-id=\"864ecb5\" data-element_type=\"widget\" data-e-type=\"widget\" data-widget_type=\"heading.default\">\n\t\t\t\t\t<h2 class=\"elementor-heading-title elementor-size-default\"><div class='fluentform ff-default fluentform_wrapper_3 ffs_default_wrap'><form data-form_id=\"3\" id=\"fluentform_3\" class=\"frm-fluent-form fluent_form_3 ff-el-form-top ff_form_instance_3_1 ff-form-loading ffs_default\" data-form_instance=\"ff_form_instance_3_1\" method=\"POST\" ><fieldset  style=\"border: none!important;margin: 0!important;padding: 0!important;background-color: transparent!important;box-shadow: none!important;outline: none!important; min-inline-size: 100%;\">\n                    <legend class=\"ff_screen_reader_title\" style=\"display: block; margin: 0!important;padding: 0!important;height: 0!important;text-indent: -999999px;width: 0!important;overflow:hidden;\">Form<\/legend><input type='hidden' name='__fluent_form_embded_post_id' value='24' \/><input type=\"hidden\" id=\"_fluentform_3_fluentformnonce\" name=\"_fluentform_3_fluentformnonce\" value=\"06da3a490e\" \/><input type=\"hidden\" name=\"_wp_http_referer\" value=\"\/index.php?rest_route=%2Fwp%2Fv2%2Fpages%2F24\" \/><div data-type=\"name-element\" data-name=\"names_1\" class=\" ff-field_container ff-name-field-wrapper\" ><div class='ff-t-container'><div class='ff-t-cell '><div class='ff-el-group ff-el-form-top'><div class=\"ff-el-input--label ff-el-is-required asterisk-right\"><label for='ff_3_names_1_first_name_' id='label_ff_3_names_1_first_name_' >Ad<\/label><\/div><div class='ff-el-input--content'><input type=\"text\" name=\"names_1[first_name]\" id=\"ff_3_names_1_first_name_\" class=\"ff-el-form-control\" aria-invalid=\"false\" aria-required=true><\/div><\/div><\/div><div class='ff-t-cell '><div class='ff-el-group ff-el-form-top'><div class=\"ff-el-input--label ff-el-is-required asterisk-right\"><label for='ff_3_names_1_last_name_' id='label_ff_3_names_1_last_name_' >Soyad<\/label><\/div><div class='ff-el-input--content'><input type=\"text\" name=\"names_1[last_name]\" id=\"ff_3_names_1_last_name_\" class=\"ff-el-form-control\" aria-invalid=\"false\" aria-required=true><\/div><\/div><\/div><\/div><\/div><div data-name=\"ff_cn_id_1\"  class='ff-t-container ff-column-container ff_columns_total_2 Tel Mail'><div class='ff-t-cell ff-t-column-1' style='flex-basis: 50%;'><div class='ff-el-group'><div class=\"ff-el-input--label ff-el-is-required asterisk-right\"><label for='ff_3_input_text' id='label_ff_3_input_text' aria-label=\"Telefon\">Telefon<\/label><\/div><div class='ff-el-input--content'><input type=\"text\" name=\"input_text\" class=\"ff-el-form-control\" data-name=\"input_text\" id=\"ff_3_input_text\"  aria-invalid=\"false\" aria-required=true><\/div><\/div><\/div><div class='ff-t-cell ff-t-column-2' style='flex-basis: 50%;'><div class='ff-el-group'><div class=\"ff-el-input--label ff-el-is-required asterisk-right\"><label for='ff_3_email_1' id='label_ff_3_email_1' aria-label=\"E-Posta\">E-Posta<\/label><\/div><div class='ff-el-input--content'><input type=\"email\" name=\"email_1\" id=\"ff_3_email_1\" class=\"ff-el-form-control\" placeholder=\"Email Address\" data-name=\"email_1\"  aria-invalid=\"false\" aria-required=true><\/div><\/div><\/div><\/div><div class='ff-el-group ff-el-form-top'><div class=\"ff-el-input--label ff-el-is-required asterisk-right\"><label for='ff_3_description_1' id='label_ff_3_description_1' aria-label=\"Mesaj\u0131n\u0131z\">Mesaj\u0131n\u0131z<\/label><\/div><div class='ff-el-input--content'><textarea aria-required=\"true\" aria-labelledby=\"label_ff_3_description_1\" name=\"description_1\" id=\"ff_3_description_1\" class=\"ff-el-form-control\" rows=\"3\" cols=\"2\" data-name=\"description_1\" ><\/textarea><\/div><\/div><div data-name=\"ff_cn_id_2\"  class='ff-t-container ff-column-container ff_columns_total_2 '><div class='ff-t-cell ff-t-column-1' style='flex-basis: 50%;'><div class='ff-el-group ' ><div class='ff-el-input--content'><div data-fluent_id='3' name='g-recaptcha-response'><div\n\t\tdata-sitekey='6Ld-p28rAAAAAF0MCkkrBtSNTQvHY2IIV0pOorU4'\n\t\tid='fluentform-recaptcha-3-1'\n\t\tclass='ff-el-recaptcha g-recaptcha'\n\t\tdata-callback='fluentFormrecaptchaSuccessCallback'><\/div><\/div><\/div><\/div><\/div><div class='ff-t-cell ff-t-column-2' style='flex-basis: 50%;'><div class='ff-el-group ff-text-center ff_submit_btn_wrapper ff_submit_btn_wrapper_custom'><button class=\"ff-btn ff-btn-submit ff-btn-md ff_btn_style wpf_has_custom_css\" type=\"submit\" name=\"custom_submit_button-3_1\" data-name=\"custom_submit_button-3_1\"  aria-label=\"G\u00f6nder\">G\u00f6nder<\/button><style>form.fluent_form_3 .wpf_has_custom_css.ff-btn-submit { background-color:#1a7efb;border-color:#1a7efb;color:#ffffff;min-width:100%; }form.fluent_form_3 .wpf_has_custom_css.ff-btn-submit:hover { background-color:#ffffff;border-color:#1a7efb;color:#1a7efb;min-width:100%; } <\/style><\/div><\/div><\/div><\/fieldset><\/form><div id='fluentform_3_errors' class='ff-errors-in-stack ff_form_instance_3_1 ff-form-loading_errors ff_form_instance_3_1_errors'><\/div><\/div>            <script type=\"text\/javascript\">\n                window.fluent_form_ff_form_instance_3_1 = {\"id\":\"3\",\"ajaxUrl\":\"https:\\\/\\\/www.kilicogluhirdavat.com\\\/wp-admin\\\/admin-ajax.php\",\"settings\":{\"layout\":{\"labelPlacement\":\"top\",\"helpMessagePlacement\":\"with_label\",\"errorMessagePlacement\":\"inline\",\"asteriskPlacement\":\"asterisk-right\"},\"restrictions\":{\"denyEmptySubmission\":{\"enabled\":false}}},\"form_instance\":\"ff_form_instance_3_1\",\"form_id_selector\":\"fluentform_3\",\"rules\":{\"names_1[first_name]\":{\"required\":{\"value\":true,\"message\":\"This field is required\",\"global_message\":\"This field is required\",\"global\":true}},\"names_1[middle_name]\":{\"required\":{\"value\":false,\"message\":\"This field is required\",\"global_message\":\"This field is required\",\"global\":true}},\"names_1[last_name]\":{\"required\":{\"value\":true,\"message\":\"This field is required\",\"global_message\":\"This field is required\",\"global\":true}},\"input_text\":{\"required\":{\"value\":true,\"message\":\"This field is required\",\"global_message\":\"This field is required\",\"global\":true}},\"email_1\":{\"required\":{\"value\":true,\"message\":\"This field is required\",\"global_message\":\"This field is required\",\"global\":true},\"email\":{\"value\":true,\"message\":\"This field must contain a valid email\",\"global_message\":\"This field must contain a valid email\",\"global\":true}},\"description_1\":{\"required\":{\"value\":true,\"message\":\"This field is required\",\"global_message\":\"This field is required\",\"global\":true}},\"g-recaptcha-response\":[]},\"debounce_time\":300};\n                            <\/script>\n            <\/h2>\t\t\t\t<\/div>\n\t\t\t\t\t<\/div>\n\t\t\t\t<\/div>\n\t\t\t\t\t<\/div>\n\t\t\t\t<\/div>\n\t\t<div class=\"elementor-element elementor-element-826c85d e-con-full e-flex wpr-particle-no wpr-sticky-section-no wpr-equal-height-no elementor-invisible e-con e-parent\" data-id=\"826c85d\" data-element_type=\"container\" data-e-type=\"container\" data-settings=\"{&quot;animation&quot;:&quot;slideInUp&quot;}\">\n\t\t\t\t<div class=\"elementor-element elementor-element-5b56f64 elementor-widget elementor-widget-wpr-google-maps\" data-id=\"5b56f64\" data-element_type=\"widget\" data-e-type=\"widget\" data-settings=\"{&quot;gm_height&quot;:{&quot;unit&quot;:&quot;px&quot;,&quot;size&quot;:459,&quot;sizes&quot;:[]},&quot;gm_height_laptop&quot;:{&quot;unit&quot;:&quot;px&quot;,&quot;size&quot;:404,&quot;sizes&quot;:[]},&quot;gm_zoom_depth&quot;:{&quot;unit&quot;:&quot;px&quot;,&quot;size&quot;:16,&quot;sizes&quot;:[]},&quot;gm_height_tablet&quot;:{&quot;unit&quot;:&quot;px&quot;,&quot;size&quot;:&quot;&quot;,&quot;sizes&quot;:[]},&quot;gm_height_mobile&quot;:{&quot;unit&quot;:&quot;px&quot;,&quot;size&quot;:&quot;&quot;,&quot;sizes&quot;:[]}}\" data-widget_type=\"wpr-google-maps.default\">\n\t\t\t\t\t<div class=\"wpr-google-map\"  data-settings=\"{&quot;type&quot;:&quot;roadmap&quot;,&quot;style&quot;:&quot;default&quot;,&quot;zoom_depth&quot;:16,&quot;zoom_on_scroll&quot;:&quot;yes&quot;,&quot;cluster_markers&quot;:&quot;yes&quot;,&quot;clusters_url&quot;:&quot;https:\\\/\\\/www.kilicogluhirdavat.com\\\/wp-content\\\/plugins\\\/royal-elementor-addons\\\/assets\\\/js\\\/lib\\\/gmap\\\/clusters\\\/m&quot;,&quot;custom_style&quot;:&quot;&quot;}\" data-locations=\"[{&quot;gm_location_title&quot;:&quot;K\\u0131l\\u0131\\u00e7o\\u011flu H\\u0131rdavat&quot;,&quot;gm_latitude&quot;:&quot;36.5931654&quot;,&quot;gm_longtitude&quot;:&quot;31.8655418&quot;,&quot;_id&quot;:&quot;4e588f0&quot;,&quot;gm_show_info_window&quot;:&quot;none&quot;,&quot;gm_marker_icon&quot;:{&quot;url&quot;:&quot;http:\\\/\\\/www.kilicogluhirdavat.com\\\/wp-content\\\/uploads\\\/2024\\\/08\\\/Vector.png&quot;,&quot;id&quot;:794,&quot;size&quot;:&quot;&quot;},&quot;gm_marker_icon_size_height&quot;:{&quot;unit&quot;:&quot;px&quot;,&quot;size&quot;:45,&quot;sizes&quot;:[]},&quot;gm_marker_animation&quot;:&quot;DROP&quot;,&quot;gm_location_description&quot;:&quot;&quot;,&quot;gm_info_window_width&quot;:{&quot;unit&quot;:&quot;px&quot;,&quot;size&quot;:300,&quot;sizes&quot;:[]},&quot;gm_custom_marker&quot;:&quot;&quot;,&quot;gm_marker_icon_size_width&quot;:{&quot;unit&quot;:&quot;px&quot;,&quot;size&quot;:35,&quot;sizes&quot;:[]}}]\" data-controls=\"{&quot;type&quot;:&quot;&quot;,&quot;fullscreen&quot;:&quot;&quot;,&quot;zoom&quot;:&quot;&quot;,&quot;streetview&quot;:&quot;&quot;}\"><\/div>\t\t\t\t<\/div>\n\t\t\t\t<\/div>\n\t\t\t\t<\/div>\n\t\t","protected":false},"excerpt":{"rendered":"<p>\u0130LET\u0130\u015e\u0130M Ana Sayfa \/ Bizimle ileti\u015fime ge\u00e7in Soru ve talepleriniz i\u00e7in bize a\u015fa\u011f\u0131daki bilgilerden veya form \u00fczerinden ileti\u015fime ge\u00e7ebilirsiniz Telefon 0553 930 56 06 E-Posta info@kilicogluhirdavat.com Adres Konakl\u0131 Mahallesi Alaaddin Keykubat Bulvar\u0131 No:32\/C, Alanya, Antalya<\/p>\n","protected":false},"author":1,"featured_media":0,"parent":0,"menu_order":0,"comment_status":"closed","ping_status":"closed","template":"elementor_canvas","meta":{"footnotes":""},"class_list":["post-24","page","type-page","status-publish","hentry"],"acf":[],"_links":{"self":[{"href":"https:\/\/www.kilicogluhirdavat.com\/index.php?rest_route=\/wp\/v2\/pages\/24","targetHints":{"allow":["GET"]}}],"collection":[{"href":"https:\/\/www.kilicogluhirdavat.com\/index.php?rest_route=\/wp\/v2\/pages"}],"about":[{"href":"https:\/\/www.kilicogluhirdavat.com\/index.php?rest_route=\/wp\/v2\/types\/page"}],"author":[{"embeddable":true,"href":"https:\/\/www.kilicogluhirdavat.com\/index.php?rest_route=\/wp\/v2\/users\/1"}],"replies":[{"embeddable":true,"href":"https:\/\/www.kilicogluhirdavat.com\/index.php?rest_route=%2Fwp%2Fv2%2Fcomments&post=24"}],"version-history":[{"count":13,"href":"https:\/\/www.kilicogluhirdavat.com\/index.php?rest_route=\/wp\/v2\/pages\/24\/revisions"}],"predecessor-version":[{"id":2532,"href":"https:\/\/www.kilicogluhirdavat.com\/index.php?rest_route=\/wp\/v2\/pages\/24\/revisions\/2532"}],"wp:attachment":[{"href":"https:\/\/www.kilicogluhirdavat.com\/index.php?rest_route=%2Fwp%2Fv2%2Fmedia&parent=24"}],"curies":[{"name":"wp","href":"https:\/\/api.w.org\/{rel}","templated":true}]}}